{"id":1480,"date":"2018-04-16T15:23:26","date_gmt":"2018-04-16T13:23:26","guid":{"rendered":"https:\/\/lucien-clergue.com\/filmographie\/"},"modified":"2018-07-30T14:05:13","modified_gmt":"2018-07-30T12:05:13","slug":"filmography","status":"publish","type":"page","link":"https:\/\/lucien-clergue.com\/en\/filmography\/","title":{"rendered":"Filmography"},"content":{"rendered":"<div class=\"wpb-content-wrapper\"><p>[vc_row css=&#8221;.vc_custom_1523886006666{margin-bottom: 50px !important;padding-top: 300px !important;padding-bottom: 20px !important;background-image: url(https:\/\/lucien-clergue.com\/wp-content\/uploads\/2018\/04\/bandeau-filmographie-clergue.jpg?id=508) !important;background-position: center !important;background-repeat: no-repeat !important;background-size: cover !important;}&#8221;][vc_column][\/vc_column][\/vc_row][vc_row gap=&#8221;20&#8243; css=&#8221;.vc_custom_1519810142426{margin-bottom: 30px !important;}&#8221;][vc_column][vc_column_text css=&#8221;.vc_custom_1532952260532{margin-bottom: 0px !important;}&#8221; el_id=&#8221;titre-page&#8221;]<\/p>\n<h1>Filmography.<\/h1>\n<p>For more information, visit the site of\u00a0<a href=\"http:\/\/www.filmsdujeudi.com\/fr\/recherche.php?motclef=&amp;rub=titre2&amp;genre=&amp;annee=&amp;realisateurprenom=Lucien&amp;realisateurnom=CLERGUE&amp;production=&amp;prenom=&amp;nom=&amp;libre=Films%20r%E9alis%E9s%20par%20Lucien%20CLERGUE&amp;libre2=\" target=\"_blank\" rel=\"noopener\">Les Films du Jeudi<\/a>.[\/vc_column_text][\/vc_column][\/vc_row][vc_row gap=&#8221;20&#8243;][vc_column width=&#8221;1\/4&#8243;][vc_single_image image=&#8221;1711&#8243; img_size=&#8221;full&#8221; add_caption=&#8221;yes&#8221; onclick=&#8221;link_image&#8221;][\/vc_column][vc_column width=&#8221;3\/4&#8243;][vc_column_text css=&#8221;.vc_custom_1523885583425{margin-bottom: 0px !important;}&#8221;]<\/p>\n<h2>Les Films La Pl\u00e9iade : Dans Arles o\u00f9 sont les Alyscamps<\/h2>\n<p>1966<\/p>\n<h2>Le Phare<\/h2>\n<p>1966<\/p>\n<h2>Delta de sel<\/h2>\n<p>1967. S\u00e9l\u00e9ctionn\u00e9 pour le Festival de Cannes, et aux Oscars, 1968. Texte de Fran\u00e7ois Billetdoux.<\/p>\n<h2>Mario Prassinos<\/h2>\n<p>1968<\/p>\n<h2>Flamants roses<\/h2>\n<p>1969<\/p>\n<h2>Sables<\/h2>\n<p>1969 (accoupl\u00e9 \u00e0 \u201cMort \u00e0 Venise\u201d)<\/p>\n<h2>M\u00e9diterran\u00e9enne<\/h2>\n<p>1969<\/p>\n<h2>La for\u00eat calcin\u00e9e<\/h2>\n<p>1970<\/p>\n<h2>Dressage du cheval sauvage<\/h2>\n<p>1970<\/p>\n<h2>Voyage en Camardie<\/h2>\n<p>1971<\/p>\n<h2>Linares, le jeune torero<\/h2>\n<p>1966<\/p>\n<h2>Entrainement du Torero<\/h2>\n<p>1968<\/p>\n<h2>D\u2019abord la Vie ensuite les triomphes (Jesulin de Ubrique)<\/h2>\n<p>1990 &#8211; 1991<\/p>\n<h2>Drame du taureau<\/h2>\n<p>Films du Jeudi, 1965. Prix Louis Lumi\u00e8re, 1966 (accoupl\u00e9 \u00e0 \u201cUn homme et une femme \u00bb de C. Lelouch).<\/p>\n<h2>Manitas de Plata<\/h2>\n<p>Films La Bo\u00e9tie, 1968, moyen m\u00e9trage.<\/p>\n<h2>Cap sur Dakar<\/h2>\n<p>Arelatys, 1970<\/p>\n<h2>Picasso, guerre, amour et paix<\/h2>\n<p>Condor Films et Universal Pictures, 1968-1970, moyen m\u00e9trage. Musimages, Moyen M\u00e9trage, Palette Productions et France 3 Lyon, 1999 (Musique de J.S Bach).[\/vc_column_text][\/vc_column][\/vc_row]<\/p>\n<\/div>","protected":false},"excerpt":{"rendered":"<p>[vc_row css=&#8221;.vc_custom_1523886006666{margin-bottom: 50px !important;padding-top: 300px !important;padding-bottom: 20px !important;background-image: url(https:\/\/lucien-clergue.com\/wp-content\/uploads\/2018\/04\/bandeau-filmographie-clergue.jpg?id=508) !important;background-position: center !important;background-repeat: no-repeat !important;background-size: cover !important;}&#8221;][vc_column][\/vc_column][\/vc_row][vc_row gap=&#8221;20&#8243; css=&#8221;.vc_custom_1519810142426{margin-bottom: 30px !important;}&#8221;][vc_column][vc_column_text css=&#8221;.vc_custom_1532952260532{margin-bottom: 0px !important;}&#8221; el_id=&#8221;titre-page&#8221;] Filmography. For more information, visit the site of\u00a0Les Films du Jeudi.[\/vc_column_text][\/vc_column][\/vc_row][vc_row gap=&#8221;20&#8243;][vc_column width=&#8221;1\/4&#8243;][vc_single_image image=&#8221;1711&#8243; img_size=&#8221;full&#8221; add_caption=&#8221;yes&#8221; onclick=&#8221;link_image&#8221;][\/vc_column][vc_column width=&#8221;3\/4&#8243;][vc_column_text css=&#8221;.vc_custom_1523885583425{margin-bottom: 0px !important;}&#8221;] Les Films La Pl\u00e9iade : Dans Arles o\u00f9 sont les&hellip;<\/p>\n","protected":false},"author":1,"featured_media":0,"parent":0,"menu_order":0,"comment_status":"closed","ping_status":"closed","template":"","meta":{"_acf_changed":false,"_exactmetrics_skip_tracking":false,"_exactmetrics_sitenote_active":false,"_exactmetrics_sitenote_note":"","_exactmetrics_sitenote_category":0,"footnotes":""},"class_list":["post-1480","page","type-page","status-publish","hentry"],"acf":[],"yoast_head":"<!-- This site is optimized with the Yoast SEO plugin v26.0 - https:\/\/yoast.com\/wordpress\/plugins\/seo\/ -->\n<title>Filmography of the photographer Lucien Clergue<\/title>\n<meta name=\"description\" content=\"Le Phare, Delta de sel, Mario Prassinos, Flamants roses, Sables, M\u00e9diterran\u00e9enne, Drame du taureau, Manitas de Plata, Picasso, guerre, amour et paix...\" \/>\n<meta name=\"robots\" content=\"index, follow, max-snippet:-1, max-image-preview:large, max-video-preview:-1\" \/>\n<link rel=\"canonical\" href=\"https:\/\/lucien-clergue.com\/en\/filmography\/\" \/>\n<meta property=\"og:locale\" content=\"en_US\" \/>\n<meta property=\"og:type\" content=\"article\" \/>\n<meta property=\"og:title\" content=\"Filmography of the photographer Lucien Clergue\" \/>\n<meta property=\"og:description\" content=\"Le Phare, Delta de sel, Mario Prassinos, Flamants roses, Sables, M\u00e9diterran\u00e9enne, Drame du taureau, Manitas de Plata, Picasso, guerre, amour et paix...\" \/>\n<meta property=\"og:url\" content=\"https:\/\/lucien-clergue.com\/en\/filmography\/\" \/>\n<meta property=\"og:site_name\" content=\"Lucien Clergue\" \/>\n<meta property=\"article:modified_time\" content=\"2018-07-30T12:05:13+00:00\" \/>\n<meta name=\"twitter:card\" content=\"summary_large_image\" \/>\n<meta name=\"twitter:label1\" content=\"Est. reading time\" \/>\n\t<meta name=\"twitter:data1\" content=\"1 minute\" \/>\n<script type=\"application\/ld+json\" class=\"yoast-schema-graph\">{\"@context\":\"https:\/\/schema.org\",\"@graph\":[{\"@type\":\"WebPage\",\"@id\":\"https:\/\/lucien-clergue.com\/en\/filmography\/\",\"url\":\"https:\/\/lucien-clergue.com\/en\/filmography\/\",\"name\":\"Filmography of the photographer Lucien Clergue\",\"isPartOf\":{\"@id\":\"https:\/\/lucien-clergue.com\/#website\"},\"datePublished\":\"2018-04-16T13:23:26+00:00\",\"dateModified\":\"2018-07-30T12:05:13+00:00\",\"description\":\"Le Phare, Delta de sel, Mario Prassinos, Flamants roses, Sables, M\u00e9diterran\u00e9enne, Drame du taureau, Manitas de Plata, Picasso, guerre, amour et paix...\",\"breadcrumb\":{\"@id\":\"https:\/\/lucien-clergue.com\/en\/filmography\/#breadcrumb\"},\"inLanguage\":\"en-US\",\"potentialAction\":[{\"@type\":\"ReadAction\",\"target\":[\"https:\/\/lucien-clergue.com\/en\/filmography\/\"]}]},{\"@type\":\"BreadcrumbList\",\"@id\":\"https:\/\/lucien-clergue.com\/en\/filmography\/#breadcrumb\",\"itemListElement\":[{\"@type\":\"ListItem\",\"position\":1,\"name\":\"Accueil\",\"item\":\"https:\/\/lucien-clergue.com\/en\/\"},{\"@type\":\"ListItem\",\"position\":2,\"name\":\"Filmography\"}]},{\"@type\":\"WebSite\",\"@id\":\"https:\/\/lucien-clergue.com\/#website\",\"url\":\"https:\/\/lucien-clergue.com\/\",\"name\":\"Lucien Clergue\",\"description\":\"Photographe\",\"potentialAction\":[{\"@type\":\"SearchAction\",\"target\":{\"@type\":\"EntryPoint\",\"urlTemplate\":\"https:\/\/lucien-clergue.com\/?s={search_term_string}\"},\"query-input\":{\"@type\":\"PropertyValueSpecification\",\"valueRequired\":true,\"valueName\":\"search_term_string\"}}],\"inLanguage\":\"en-US\"}]}<\/script>\n<!-- \/ Yoast SEO plugin. -->","yoast_head_json":{"title":"Filmography of the photographer Lucien Clergue","description":"Le Phare, Delta de sel, Mario Prassinos, Flamants roses, Sables, M\u00e9diterran\u00e9enne, Drame du taureau, Manitas de Plata, Picasso, guerre, amour et paix...","robots":{"index":"index","follow":"follow","max-snippet":"max-snippet:-1","max-image-preview":"max-image-preview:large","max-video-preview":"max-video-preview:-1"},"canonical":"https:\/\/lucien-clergue.com\/en\/filmography\/","og_locale":"en_US","og_type":"article","og_title":"Filmography of the photographer Lucien Clergue","og_description":"Le Phare, Delta de sel, Mario Prassinos, Flamants roses, Sables, M\u00e9diterran\u00e9enne, Drame du taureau, Manitas de Plata, Picasso, guerre, amour et paix...","og_url":"https:\/\/lucien-clergue.com\/en\/filmography\/","og_site_name":"Lucien Clergue","article_modified_time":"2018-07-30T12:05:13+00:00","twitter_card":"summary_large_image","twitter_misc":{"Est. reading time":"1 minute"},"schema":{"@context":"https:\/\/schema.org","@graph":[{"@type":"WebPage","@id":"https:\/\/lucien-clergue.com\/en\/filmography\/","url":"https:\/\/lucien-clergue.com\/en\/filmography\/","name":"Filmography of the photographer Lucien Clergue","isPartOf":{"@id":"https:\/\/lucien-clergue.com\/#website"},"datePublished":"2018-04-16T13:23:26+00:00","dateModified":"2018-07-30T12:05:13+00:00","description":"Le Phare, Delta de sel, Mario Prassinos, Flamants roses, Sables, M\u00e9diterran\u00e9enne, Drame du taureau, Manitas de Plata, Picasso, guerre, amour et paix...","breadcrumb":{"@id":"https:\/\/lucien-clergue.com\/en\/filmography\/#breadcrumb"},"inLanguage":"en-US","potentialAction":[{"@type":"ReadAction","target":["https:\/\/lucien-clergue.com\/en\/filmography\/"]}]},{"@type":"BreadcrumbList","@id":"https:\/\/lucien-clergue.com\/en\/filmography\/#breadcrumb","itemListElement":[{"@type":"ListItem","position":1,"name":"Accueil","item":"https:\/\/lucien-clergue.com\/en\/"},{"@type":"ListItem","position":2,"name":"Filmography"}]},{"@type":"WebSite","@id":"https:\/\/lucien-clergue.com\/#website","url":"https:\/\/lucien-clergue.com\/","name":"Lucien Clergue","description":"Photographe","potentialAction":[{"@type":"SearchAction","target":{"@type":"EntryPoint","urlTemplate":"https:\/\/lucien-clergue.com\/?s={search_term_string}"},"query-input":{"@type":"PropertyValueSpecification","valueRequired":true,"valueName":"search_term_string"}}],"inLanguage":"en-US"}]}},"_links":{"self":[{"href":"https:\/\/lucien-clergue.com\/en\/wp-json\/wp\/v2\/pages\/1480","targetHints":{"allow":["GET"]}}],"collection":[{"href":"https:\/\/lucien-clergue.com\/en\/wp-json\/wp\/v2\/pages"}],"about":[{"href":"https:\/\/lucien-clergue.com\/en\/wp-json\/wp\/v2\/types\/page"}],"author":[{"embeddable":true,"href":"https:\/\/lucien-clergue.com\/en\/wp-json\/wp\/v2\/users\/1"}],"replies":[{"embeddable":true,"href":"https:\/\/lucien-clergue.com\/en\/wp-json\/wp\/v2\/comments?post=1480"}],"version-history":[{"count":6,"href":"https:\/\/lucien-clergue.com\/en\/wp-json\/wp\/v2\/pages\/1480\/revisions"}],"predecessor-version":[{"id":2065,"href":"https:\/\/lucien-clergue.com\/en\/wp-json\/wp\/v2\/pages\/1480\/revisions\/2065"}],"wp:attachment":[{"href":"https:\/\/lucien-clergue.com\/en\/wp-json\/wp\/v2\/media?parent=1480"}],"curies":[{"name":"wp","href":"https:\/\/api.w.org\/{rel}","templated":true}]}}