{"id":1477,"date":"2018-02-28T10:03:14","date_gmt":"2018-02-28T09:03:14","guid":{"rendered":"https:\/\/lucien-clergue.com\/bibliographie\/"},"modified":"2018-07-30T13:59:39","modified_gmt":"2018-07-30T11:59:39","slug":"bibliography","status":"publish","type":"page","link":"https:\/\/lucien-clergue.com\/en\/bibliography\/","title":{"rendered":"Bibliography"},"content":{"rendered":"<div class=\"wpb-content-wrapper\"><p>[vc_row css=&#8221;.vc_custom_1519809134198{margin-bottom: 50px !important;padding-top: 300px !important;padding-bottom: 20px !important;background-image: url(https:\/\/lucien-clergue.com\/wp-content\/uploads\/2018\/02\/bandeau-bibio-clergue.jpg?id=430) !important;background-position: center !important;background-repeat: no-repeat !important;background-size: cover !important;}&#8221;][vc_column][\/vc_column][\/vc_row][vc_row gap=&#8221;20&#8243; css=&#8221;.vc_custom_1519810142426{margin-bottom: 30px !important;}&#8221;][vc_column][vc_column_text css=&#8221;.vc_custom_1530200853812{margin-bottom: 0px !important;}&#8221; el_id=&#8221;titre-page&#8221;]<\/p>\n<h1>Chronological and Thematic Bibliography.<\/h1>\n<p>[\/vc_column_text][\/vc_column][\/vc_row][vc_row gap=&#8221;20&#8243;][vc_column width=&#8221;1\/5&#8243;][vc_single_image image=&#8221;437&#8243; img_size=&#8221;full&#8221; onclick=&#8221;link_image&#8221;][vc_single_image image=&#8221;2034&#8243; img_size=&#8221;full&#8221; onclick=&#8221;link_image&#8221;][vc_single_image image=&#8221;2005&#8243; img_size=&#8221;full&#8221; onclick=&#8221;link_image&#8221;][vc_single_image image=&#8221;432&#8243; img_size=&#8221;full&#8221; onclick=&#8221;link_image&#8221;][vc_single_image image=&#8221;444&#8243; img_size=&#8221;full&#8221; onclick=&#8221;link_image&#8221;][vc_single_image image=&#8221;441&#8243; img_size=&#8221;full&#8221; onclick=&#8221;link_image&#8221;][vc_single_image image=&#8221;436&#8243; img_size=&#8221;full&#8221; onclick=&#8221;link_image&#8221;][vc_single_image image=&#8221;439&#8243; img_size=&#8221;full&#8221; onclick=&#8221;link_image&#8221;][vc_single_image image=&#8221;2013&#8243; img_size=&#8221;full&#8221; onclick=&#8221;link_image&#8221;][vc_single_image image=&#8221;2006&#8243; img_size=&#8221;full&#8221; onclick=&#8221;link_image&#8221;][vc_single_image image=&#8221;2007&#8243; img_size=&#8221;full&#8221; onclick=&#8221;link_image&#8221;][vc_single_image image=&#8221;2032&#8243; img_size=&#8221;full&#8221; onclick=&#8221;link_image&#8221;][vc_single_image image=&#8221;2009&#8243; img_size=&#8221;full&#8221; onclick=&#8221;link_image&#8221;][vc_single_image image=&#8221;2011&#8243; img_size=&#8221;full&#8221; onclick=&#8221;link_image&#8221;][vc_single_image image=&#8221;2004&#8243; img_size=&#8221;full&#8221; onclick=&#8221;link_image&#8221;][vc_single_image image=&#8221;2002&#8243; img_size=&#8221;full&#8221; onclick=&#8221;link_image&#8221;][\/vc_column][vc_column width=&#8221;1\/5&#8243;][vc_single_image image=&#8221;2018&#8243; img_size=&#8221;full&#8221; onclick=&#8221;link_image&#8221;][vc_single_image image=&#8221;2035&#8243; img_size=&#8221;full&#8221; onclick=&#8221;link_image&#8221;][vc_single_image image=&#8221;2010&#8243; img_size=&#8221;full&#8221; onclick=&#8221;link_image&#8221;][vc_single_image image=&#8221;2012&#8243; img_size=&#8221;full&#8221; onclick=&#8221;link_image&#8221;][vc_single_image image=&#8221;2015&#8243; img_size=&#8221;full&#8221; onclick=&#8221;link_image&#8221;][vc_single_image image=&#8221;440&#8243; img_size=&#8221;full&#8221; onclick=&#8221;link_image&#8221;][vc_single_image image=&#8221;2016&#8243; img_size=&#8221;full&#8221; onclick=&#8221;link_image&#8221;][vc_single_image image=&#8221;2003&#8243; img_size=&#8221;full&#8221; onclick=&#8221;link_image&#8221;][vc_single_image image=&#8221;2027&#8243; img_size=&#8221;full&#8221; onclick=&#8221;link_image&#8221;][vc_single_image image=&#8221;2028&#8243; img_size=&#8221;full&#8221; onclick=&#8221;link_image&#8221;][vc_single_image image=&#8221;2029&#8243; img_size=&#8221;full&#8221; onclick=&#8221;link_image&#8221;][vc_single_image image=&#8221;2030&#8243; img_size=&#8221;full&#8221; onclick=&#8221;link_image&#8221;][vc_single_image image=&#8221;438&#8243; img_size=&#8221;full&#8221; onclick=&#8221;link_image&#8221;][vc_single_image image=&#8221;2031&#8243; img_size=&#8221;full&#8221; onclick=&#8221;link_image&#8221;][vc_single_image image=&#8221;2036&#8243; img_size=&#8221;full&#8221; onclick=&#8221;link_image&#8221;][vc_single_image image=&#8221;435&#8243; img_size=&#8221;full&#8221; onclick=&#8221;link_image&#8221;][vc_single_image image=&#8221;2038&#8243; img_size=&#8221;full&#8221; onclick=&#8221;link_image&#8221;][\/vc_column][vc_column width=&#8221;3\/5&#8243;][vc_column_text css=&#8221;.vc_custom_1530100618388{margin-bottom: 20px !important;}&#8221;]<\/p>\n<h2><em>Corps m\u00e9morable<\/em><\/h2>\n<p>Po\u00e8mes de Paul Eluard, couverture par Pablo Picasso, po\u00e8me liminaire de Jean Cocteau. 12 photographies N&amp;B.<br \/>\nPierre Seghers \u00e9d., Paris 1957.<\/p>\n<h2><em>Corps m\u00e9morable<\/em><\/h2>\n<p>Deuxi\u00e8me \u00e9dition, identique, mais sans le po\u00e8me de Jean Cocteau. Pierre Seghers \u00e9d., Paris 1960.<\/p>\n<h2><em>Po\u00e9sie der photographie<\/em><\/h2>\n<p>Po\u00e8mes et textes par Jean Cocteau et Jean Marie Magnan, couvertures et frontispice par Picasso. Con\u00e7u par Arnold Bode.<br \/>\n60 photographies N&amp;B. Du Mont Schauberg \u00e9d., Cologne, 1960.[\/vc_column_text][vc_column_text css=&#8221;.vc_custom_1530100625469{margin-bottom: 20px !important;}&#8221;]<\/p>\n<h2><em>Le Testament d&#8217;Orph\u00e9e<\/em><\/h2>\n<p>Sc\u00e9nario et dialogues du film de Jean Cocteau, po\u00e8me liminaire de Jean Cocteau, d\u00e9di\u00e9 \u00e0 Lucien Clergue.<br \/>\n62 photographies N&amp;B. Editions du Rocher, Monaco, 1961.<\/p>\n<h2><em>Naissances d&#8217;Aphrodite<\/em><\/h2>\n<p>Extraits de po\u00e8mes de Federico Garc\u00eca Lorca.<br \/>\n27 photographies N&amp;B.<br \/>\nEditec \u00e9d. Paris, 1963 ; Brussel and Brussel \u00e9d., New York, 1966 ; Battenberg Verlag \u00e9d., Stuttgart, 1966.<\/p>\n<h2><em>Toros muertos<\/em><\/h2>\n<p>Po\u00e8mes et textes de Jean Cocteau et Jean Marie Magnan.<br \/>\n31 photographies N&amp;B.<br \/>\nEditec \u00e9d. Paris, 1963 ; Brussel and Brussel \u00e9d., New York, 1966 ; Battenberg Verlag \u00e9d., Stuttgart, 1966.<\/p>\n<h2><em>Numero uno<\/em><\/h2>\n<p>Portraits d&#8217;Antonio Ordo\u00f1ez, textes de Jean Cocteau et un non sign\u00e9, attribu\u00e9 \u00e0 Jean Petit. 24 photographies N&amp;B. Editec \u00e9d., Paris, 1963.<\/p>\n<h2><em>Le Taureau au corps<\/em><\/h2>\n<p>Textes de Daniel Schmitt.<br \/>\n12 photographies N&amp;B. Editec \u00e9d., Paris, 1963.[\/vc_column_text][vc_column_text css=&#8221;.vc_custom_1530100633550{margin-bottom: 20px !important;}&#8221;]<\/p>\n<h2><em>Lucien Clergue, photographe<\/em><\/h2>\n<p>Monographie avec 48 photographies N&amp;B, textes de Jean Cocteau, Manuel Gasser, Jean Marie Magnan, Luc Norin, Lucien Clergue.<br \/>\nDie Arche Verlag \u00e9d., Z\u00fcrich, 1964.<\/p>\n<h2><em>El Cordob\u00e8s<\/em><\/h2>\n<p>Textes de Jean-Marie Magnan, Paco Tolosa, Robert Marteau, Jean Michel Goudard et Daniel Ma\u00efsto.<br \/>\n77 photographies N&amp;B. La Jeune Parque \u00e9d., Paris, 1965.<\/p>\n<h2><em>N\u00e9e de la vague<\/em><\/h2>\n<p>81 photograhies N&amp;B, mise en page de l&#8217;auteur.<br \/>\nPierre Belfond \u00e9d., Paris, 1968.<\/p>\n<h2><em>Corps m\u00e9morable<\/em><\/h2>\n<p>5\u00e8me \u00e9dition, couverture de Lucien Clergue, sans le po\u00e8me de Jean Cocteau, le dessin de Pablo Picasso venant en frontispice, avec un dessin de Valentine Hugo.<br \/>\n20 photographies N&amp;B. Pierre Seghers \u00e9d., Paris, 1969.[\/vc_column_text][vc_column_text css=&#8221;.vc_custom_1530100643263{margin-bottom: 20px !important;}&#8221;]<\/p>\n<h2>N\u00e9e de la vague<\/h2>\n<p>Version broch\u00e9e.<br \/>\nCorgi Books \u00e9d., Londres, 1970.<\/p>\n<h2><em>Gen\u00e8se<\/em><\/h2>\n<p>Extraits d&#8217;Amers de St John Perse, avec une d\u00e9dicace du po\u00e8te.<br \/>\n50 photographies N&amp;B. Pierre Belfond \u00e9d., Paris, 1973.<\/p>\n<h2><em>Le quart d&#8217;heure du taureau<\/em><\/h2>\n<p>Texte de Jean Marie Magnan.<br \/>\n79 photographies N&amp;B. Le Ch\u00eane \u00e9d., Paris, 1976.<\/p>\n<h2><em>Camargue secr\u00e8te<\/em><\/h2>\n<p>Textes de Mario Prassinos et Lucien Clergue.<br \/>\n77 photographies N&amp;B. Pierre Belfond \u00e9d., Paris, 1976.[\/vc_column_text][vc_column_text css=&#8221;.vc_custom_1530100654028{margin-bottom: 20px !important;}&#8221;]<\/p>\n<h2><em>La Camargue est au bout des chemins<\/em><\/h2>\n<p>Texte de Lucien Clergue.<br \/>\n94 photographies couleur. Agep \u00e9d., Marseille, 1978.<\/p>\n<h2><em>Nude Theory<\/em><\/h2>\n<p>24 pages consacr\u00e9es \u00e0 Lucien Clergue (avec H. Callahan, A. Kertesz, R. Gibson, D. Michals, K. Josephson, M. A. Bravo, H. Newton), conception Jain Kelly.<br \/>\nLustrum Press \u00e9d., New York, 1979.<\/p>\n<h2><em>Langage des sables<\/em><\/h2>\n<p>Pr\u00e9face de Roland Barthes. Publication de la th\u00e8se de doctorat en photographie (3 \u00e8me cycle) soutenue \u00e0 l&#8217;Universit\u00e9 de Provence.<br \/>\n73 photographies N&amp;B. Agep \u00e9d., Marseille, 1980.<\/p>\n<h2><em>Visions sur le nu (&#8220;Nude Workshop&#8221; aux U.S.A.).<\/em><\/h2>\n<p>Texte de Lucien Clergue.<br \/>\n82 photographies N&amp;B. Viking Press \u00e9d., New York, 1982.Filipacchi \u00e9d., Paris, 1982.<br \/>\nSecker and Warburg \u00e9d., Londres, 1982.[\/vc_column_text][vc_column_text css=&#8221;.vc_custom_1530100667483{margin-bottom: 20px !important;}&#8221;]<\/p>\n<h2><em>Eve est noire<\/em><\/h2>\n<p>Texte de Lucien Clergue.<br \/>\n28 photographies couleur. Selezzione d&#8217;immagini \u00e9d., Monza,1982.<\/p>\n<h2><em>Practical Nude Photography<\/em><\/h2>\n<p>Texte de Lucien Clergue.<br \/>\n141 photographies N&amp;B. Focal Press \u00e9d., Londres et Boston, 1983.<\/p>\n<h2><em>Lucien Clergue, Eros and Thanatos<\/em><\/h2>\n<p>Introduction de Michel Tournier, pr\u00e9face de Marianne Fulton. 130 photographies N&amp;B. New York Graphic Society \u00e9d., Boston, 1985.<\/p>\n<h2><em>Passion de Femmes<\/em><\/h2>\n<p>Texte de Lucien Clergue.<br \/>\n112 photographies N&amp;B et couleur. Paul Montel \u00e9d., Paris, 1985.[\/vc_column_text][vc_column_text css=&#8221;.vc_custom_1530100678735{margin-bottom: 20px !important;}&#8221;]<\/p>\n<h2><em>Grands Nus<\/em><\/h2>\n<p>115 photographies N&amp;B<br \/>\nIntroduction par Jacques Outin. Editions Umschau Braus, Heidelberg et Marval, Paris 1999.<\/p>\n<h2><em>La Nuit de la Terre<\/em><\/h2>\n<p>60 photographies N&amp;B<br \/>\nIntroduction par Jean Marie Magnan, entretien avec Lucien Clergue. Ed. du Patrimoine, Paris 2001.<\/p>\n<h2><em>Arena, Signes des sables<\/em><\/h2>\n<p>120 photographies N&amp;B et couleur<br \/>\nIntroduction par Gilles Mora. Ed. Actes Sud, Arles 2001.<\/p>\n<h2><em>Jean Cocteau and the testament of Orpheus<\/em><\/h2>\n<p>110 photographies N&amp;B. Introduction par Lucien Clergue. Viking Studio New York. 2001<\/p>\n<h2><em>El Cordob\u00e8s, le 5\u00e8me Calife<\/em><\/h2>\n<p>118 pages, 94 photographies N&amp;B. Texte de Jean Marie Magnan. Ed. Actes Sud, Arles, 2002.<\/p>\n<h2><em>Ph\u00e9nixologie<\/em><\/h2>\n<p>188 pages, 149 photographies N&amp;B. Textes facsimil\u00e9s de Jean Cocteau et un po\u00e8me \u00e0 Lucien Clergue. Pr\u00e9face de Pierre Berg\u00e9, postface de Lucien Clergue. Editions Actes Sud, Arles 2003.<\/p>\n<h2><em>Po\u00e9sie Photographique<\/em><\/h2>\n<p>Pr\u00e9face de Manfred Heiting, introduction de Eva-Monika Turck et de Ivo Kranzfelder, Ed. Prestel M\u00fcnich, Londres-New York, 2003.<\/p>\n<h2><em>Le Nu Foudroy\u00e9<\/em><\/h2>\n<p>72 pages, 21 photographies N&amp;B, 21 reproductions d\u2019oeuvres du peintre G\u00e9rard Simo\u00ebn. Texte de Patrick Grainville. Editions Actes Sud, Arles 2004.[\/vc_column_text][vc_column_text css=&#8221;.vc_custom_1530100686870{margin-bottom: 20px !important;}&#8221;]<\/p>\n<h2><em>Roots<\/em><\/h2>\n<p>60 pages, 72 photographies N&amp;B de gitans. Texte (anglais) de Garth Cartwright. Pr\u00e9face de Lucien Clergue. Editions Onstage Presentation Inc., New York 2004.<\/p>\n<h2><em>Portraits<\/em><\/h2>\n<p>72 pages, 72 photographies N&amp;B et couleur. Textes par Jean-Claude Crequit et Patrick Lombard. L\u00e9gendes de l\u2019auteur. Editions Actes Sud 2005.<\/p>\n<h2><em>Lucien Clergue<\/em><\/h2>\n<p>R\u00e9cit\u00a0: Gabriel Bauret. 232 pages illustr\u00e9es de 300 photographies et documents, Ed. de la Martini\u00e8re, Paris 2007.<\/p>\n<h2><em>Brasilia<\/em><\/h2>\n<p>Texte de Eva-Monika Turck, 204 pages illustr\u00e9s de 98 photographies N&amp;B de Lucien Clergue. Edition Hatje Cantz Verlag, Allemagne 2013, pour les \u00e9ditions en allemand et anglais, et les Editions Hazan pour l\u2019\u00e9dition fran\u00e7aise 2013.[\/vc_column_text][vc_column_text css=&#8221;.vc_custom_1530100696177{margin-bottom: 20px !important;}&#8221;]<\/p>\n<h2><em>Lucien Clergue, Les premiers albums<\/em><\/h2>\n<p>Direction d\u2019ouvrage et textes Fran\u00e7ois H\u00e9bel et Christian Lacroix 240 pages illustr\u00e9es de 2016 photographies N&amp;B de Lucien Clergue.<br \/>\nCatalogue publi\u00e9 \u00e0 l\u2019occasion de l\u2019exposition pr\u00e9sent\u00e9e au Grand Palais, Paris du 14 novembre 2015 au 15 f\u00e9vrier 2016. Editions de la R\u00e9union des mus\u00e9es nationaux \u2013 Grand Palais, Paris 2015.<\/p>\n<h2><em>Lucien Clergue <\/em><\/h2>\n<p>Monographie dans la collection Photo Poche (n\u00b0156). Pr\u00e9face de Fran\u00e7ois H\u00e9bel. 144 pages illust\u00e9es de 105 photographies en couleur et N&amp;B de Lucien Clergue.<br \/>\nEdition Actes Sud, Arles novembre 2015.[\/vc_column_text][\/vc_column][\/vc_row]<\/p>\n<\/div>","protected":false},"excerpt":{"rendered":"<p>[vc_row css=&#8221;.vc_custom_1519809134198{margin-bottom: 50px !important;padding-top: 300px !important;padding-bottom: 20px !important;background-image: url(https:\/\/lucien-clergue.com\/wp-content\/uploads\/2018\/02\/bandeau-bibio-clergue.jpg?id=430) !important;background-position: center !important;background-repeat: no-repeat !important;background-size: cover !important;}&#8221;][vc_column][\/vc_column][\/vc_row][vc_row gap=&#8221;20&#8243; css=&#8221;.vc_custom_1519810142426{margin-bottom: 30px !important;}&#8221;][vc_column][vc_column_text css=&#8221;.vc_custom_1530200853812{margin-bottom: 0px !important;}&#8221; el_id=&#8221;titre-page&#8221;] Chronological and Thematic Bibliography. [\/vc_column_text][\/vc_column][\/vc_row][vc_row gap=&#8221;20&#8243;][vc_column width=&#8221;1\/5&#8243;][vc_single_image image=&#8221;437&#8243; img_size=&#8221;full&#8221; onclick=&#8221;link_image&#8221;][vc_single_image image=&#8221;2034&#8243; img_size=&#8221;full&#8221; onclick=&#8221;link_image&#8221;][vc_single_image image=&#8221;2005&#8243; img_size=&#8221;full&#8221; onclick=&#8221;link_image&#8221;][vc_single_image image=&#8221;432&#8243; img_size=&#8221;full&#8221; onclick=&#8221;link_image&#8221;][vc_single_image image=&#8221;444&#8243; img_size=&#8221;full&#8221; onclick=&#8221;link_image&#8221;][vc_single_image image=&#8221;441&#8243; img_size=&#8221;full&#8221; onclick=&#8221;link_image&#8221;][vc_single_image image=&#8221;436&#8243; img_size=&#8221;full&#8221; onclick=&#8221;link_image&#8221;][vc_single_image image=&#8221;439&#8243; img_size=&#8221;full&#8221; onclick=&#8221;link_image&#8221;][vc_single_image&hellip;<\/p>\n","protected":false},"author":1,"featured_media":0,"parent":0,"menu_order":0,"comment_status":"closed","ping_status":"closed","template":"","meta":{"_acf_changed":false,"_exactmetrics_skip_tracking":false,"_exactmetrics_sitenote_active":false,"_exactmetrics_sitenote_note":"","_exactmetrics_sitenote_category":0,"footnotes":""},"class_list":["post-1477","page","type-page","status-publish","hentry"],"acf":[],"yoast_head":"<!-- This site is optimized with the Yoast SEO plugin v26.0 - https:\/\/yoast.com\/wordpress\/plugins\/seo\/ -->\n<title>Bibliography of the photographer Lucien Clergue<\/title>\n<meta name=\"description\" content=\"Corps m\u00e9morable, Le Testament d\u2019Orph\u00e9e, Naissances d\u2019Aphrodite, Toros muertos, El Cordob\u00e8s, N\u00e9e de la vague, Gen\u00e8se, Camargue secr\u00e8te, Nude Theory, Roots...\" \/>\n<meta name=\"robots\" content=\"index, follow, max-snippet:-1, max-image-preview:large, max-video-preview:-1\" \/>\n<link rel=\"canonical\" href=\"https:\/\/lucien-clergue.com\/en\/bibliography\/\" \/>\n<meta property=\"og:locale\" content=\"en_US\" \/>\n<meta property=\"og:type\" content=\"article\" \/>\n<meta property=\"og:title\" content=\"Bibliography of the photographer Lucien Clergue\" \/>\n<meta property=\"og:description\" content=\"Corps m\u00e9morable, Le Testament d\u2019Orph\u00e9e, Naissances d\u2019Aphrodite, Toros muertos, El Cordob\u00e8s, N\u00e9e de la vague, Gen\u00e8se, Camargue secr\u00e8te, Nude Theory, Roots...\" \/>\n<meta property=\"og:url\" content=\"https:\/\/lucien-clergue.com\/en\/bibliography\/\" \/>\n<meta property=\"og:site_name\" content=\"Lucien Clergue\" \/>\n<meta property=\"article:modified_time\" content=\"2018-07-30T11:59:39+00:00\" \/>\n<meta name=\"twitter:card\" content=\"summary_large_image\" \/>\n<meta name=\"twitter:label1\" content=\"Est. reading time\" \/>\n\t<meta name=\"twitter:data1\" content=\"7 minutes\" \/>\n<script type=\"application\/ld+json\" class=\"yoast-schema-graph\">{\"@context\":\"https:\/\/schema.org\",\"@graph\":[{\"@type\":\"WebPage\",\"@id\":\"https:\/\/lucien-clergue.com\/en\/bibliography\/\",\"url\":\"https:\/\/lucien-clergue.com\/en\/bibliography\/\",\"name\":\"Bibliography of the photographer Lucien Clergue\",\"isPartOf\":{\"@id\":\"https:\/\/lucien-clergue.com\/#website\"},\"datePublished\":\"2018-02-28T09:03:14+00:00\",\"dateModified\":\"2018-07-30T11:59:39+00:00\",\"description\":\"Corps m\u00e9morable, Le Testament d\u2019Orph\u00e9e, Naissances d\u2019Aphrodite, Toros muertos, El Cordob\u00e8s, N\u00e9e de la vague, Gen\u00e8se, Camargue secr\u00e8te, Nude Theory, Roots...\",\"breadcrumb\":{\"@id\":\"https:\/\/lucien-clergue.com\/en\/bibliography\/#breadcrumb\"},\"inLanguage\":\"en-US\",\"potentialAction\":[{\"@type\":\"ReadAction\",\"target\":[\"https:\/\/lucien-clergue.com\/en\/bibliography\/\"]}]},{\"@type\":\"BreadcrumbList\",\"@id\":\"https:\/\/lucien-clergue.com\/en\/bibliography\/#breadcrumb\",\"itemListElement\":[{\"@type\":\"ListItem\",\"position\":1,\"name\":\"Accueil\",\"item\":\"https:\/\/lucien-clergue.com\/en\/\"},{\"@type\":\"ListItem\",\"position\":2,\"name\":\"Bibliography\"}]},{\"@type\":\"WebSite\",\"@id\":\"https:\/\/lucien-clergue.com\/#website\",\"url\":\"https:\/\/lucien-clergue.com\/\",\"name\":\"Lucien Clergue\",\"description\":\"Photographe\",\"potentialAction\":[{\"@type\":\"SearchAction\",\"target\":{\"@type\":\"EntryPoint\",\"urlTemplate\":\"https:\/\/lucien-clergue.com\/?s={search_term_string}\"},\"query-input\":{\"@type\":\"PropertyValueSpecification\",\"valueRequired\":true,\"valueName\":\"search_term_string\"}}],\"inLanguage\":\"en-US\"}]}<\/script>\n<!-- \/ Yoast SEO plugin. -->","yoast_head_json":{"title":"Bibliography of the photographer Lucien Clergue","description":"Corps m\u00e9morable, Le Testament d\u2019Orph\u00e9e, Naissances d\u2019Aphrodite, Toros muertos, El Cordob\u00e8s, N\u00e9e de la vague, Gen\u00e8se, Camargue secr\u00e8te, Nude Theory, Roots...","robots":{"index":"index","follow":"follow","max-snippet":"max-snippet:-1","max-image-preview":"max-image-preview:large","max-video-preview":"max-video-preview:-1"},"canonical":"https:\/\/lucien-clergue.com\/en\/bibliography\/","og_locale":"en_US","og_type":"article","og_title":"Bibliography of the photographer Lucien Clergue","og_description":"Corps m\u00e9morable, Le Testament d\u2019Orph\u00e9e, Naissances d\u2019Aphrodite, Toros muertos, El Cordob\u00e8s, N\u00e9e de la vague, Gen\u00e8se, Camargue secr\u00e8te, Nude Theory, Roots...","og_url":"https:\/\/lucien-clergue.com\/en\/bibliography\/","og_site_name":"Lucien Clergue","article_modified_time":"2018-07-30T11:59:39+00:00","twitter_card":"summary_large_image","twitter_misc":{"Est. reading time":"7 minutes"},"schema":{"@context":"https:\/\/schema.org","@graph":[{"@type":"WebPage","@id":"https:\/\/lucien-clergue.com\/en\/bibliography\/","url":"https:\/\/lucien-clergue.com\/en\/bibliography\/","name":"Bibliography of the photographer Lucien Clergue","isPartOf":{"@id":"https:\/\/lucien-clergue.com\/#website"},"datePublished":"2018-02-28T09:03:14+00:00","dateModified":"2018-07-30T11:59:39+00:00","description":"Corps m\u00e9morable, Le Testament d\u2019Orph\u00e9e, Naissances d\u2019Aphrodite, Toros muertos, El Cordob\u00e8s, N\u00e9e de la vague, Gen\u00e8se, Camargue secr\u00e8te, Nude Theory, Roots...","breadcrumb":{"@id":"https:\/\/lucien-clergue.com\/en\/bibliography\/#breadcrumb"},"inLanguage":"en-US","potentialAction":[{"@type":"ReadAction","target":["https:\/\/lucien-clergue.com\/en\/bibliography\/"]}]},{"@type":"BreadcrumbList","@id":"https:\/\/lucien-clergue.com\/en\/bibliography\/#breadcrumb","itemListElement":[{"@type":"ListItem","position":1,"name":"Accueil","item":"https:\/\/lucien-clergue.com\/en\/"},{"@type":"ListItem","position":2,"name":"Bibliography"}]},{"@type":"WebSite","@id":"https:\/\/lucien-clergue.com\/#website","url":"https:\/\/lucien-clergue.com\/","name":"Lucien Clergue","description":"Photographe","potentialAction":[{"@type":"SearchAction","target":{"@type":"EntryPoint","urlTemplate":"https:\/\/lucien-clergue.com\/?s={search_term_string}"},"query-input":{"@type":"PropertyValueSpecification","valueRequired":true,"valueName":"search_term_string"}}],"inLanguage":"en-US"}]}},"_links":{"self":[{"href":"https:\/\/lucien-clergue.com\/en\/wp-json\/wp\/v2\/pages\/1477","targetHints":{"allow":["GET"]}}],"collection":[{"href":"https:\/\/lucien-clergue.com\/en\/wp-json\/wp\/v2\/pages"}],"about":[{"href":"https:\/\/lucien-clergue.com\/en\/wp-json\/wp\/v2\/types\/page"}],"author":[{"embeddable":true,"href":"https:\/\/lucien-clergue.com\/en\/wp-json\/wp\/v2\/users\/1"}],"replies":[{"embeddable":true,"href":"https:\/\/lucien-clergue.com\/en\/wp-json\/wp\/v2\/comments?post=1477"}],"version-history":[{"count":8,"href":"https:\/\/lucien-clergue.com\/en\/wp-json\/wp\/v2\/pages\/1477\/revisions"}],"predecessor-version":[{"id":2059,"href":"https:\/\/lucien-clergue.com\/en\/wp-json\/wp\/v2\/pages\/1477\/revisions\/2059"}],"wp:attachment":[{"href":"https:\/\/lucien-clergue.com\/en\/wp-json\/wp\/v2\/media?parent=1477"}],"curies":[{"name":"wp","href":"https:\/\/api.w.org\/{rel}","templated":true}]}}